{"id":2075,"date":"2024-12-02T15:16:04","date_gmt":"2024-12-02T07:16:04","guid":{"rendered":"https:\/\/bogonglaser.com\/?post_type=product&#038;p=2075"},"modified":"2025-02-13T18:58:46","modified_gmt":"2025-02-13T10:58:46","slug":"all-in-one-fiber-laser-metal-cutting-machine-tube-and-metal-sheet-laser-cutting-machine","status":"publish","type":"product","link":"https:\/\/www.laserwelder.tech\/de\/produkt\/all-in-one-fiber-laser-metal-cutting-machine-tube-and-metal-sheet-laser-cutting-machine\/","title":{"rendered":"Laser Blech &amp; Rohr Combo Faser Laer Schneidmaschine"},"content":{"rendered":"<div class=\"wpb-content-wrapper\"><div class=\"vc_row wpb_row vc_row-fluid\"><div class=\"wpb_column vc_column_container vc_col-sm-12\"><div class=\"vc_column-inner\"><div class=\"wpb_wrapper\">\n\t<div class=\"wpb_text_column wpb_content_element\" >\n\t\t<div class=\"wpb_wrapper\">\n\t\t\t<p>Eine Laserschneidanlage f\u00fcr Bleche und Rohre ist vielseitig und kann nicht nur Bleche, sondern auch Rohre schneiden. Diese Faserlaserschneidanlage integriert sowohl Blech- als auch Rohrbearbeitungsfunktionen und erf\u00fcllt eine Vielzahl von Kundenanforderungen wie Fasenschneiden, Bohren und Schlitzen. Diese Kombination f\u00fchrt zu erheblichen Kosten- und Platzeinsparungen bei gleichzeitiger Steigerung der Produktionseffizienz.<\/p>\n<p>Egal, ob es sich um metallische oder nichtmetallische Werkstoffe handelt, Blech- und Rohrlaserschneidanlagen k\u00f6nnen verschiedene Formen und Gr\u00f6\u00dfen von Rohren und Blechen mit hoher Pr\u00e4zision schneiden. Sie erzeugen hochwertige Kanten, die in der Regel keine zus\u00e4tzliche Reinigung, Bearbeitung oder Nachbearbeitung erfordern, wodurch der Bedarf an sekund\u00e4ren Arbeitsschritten minimiert wird.<\/p>\n<p>Diese CNC-Faserlaserschneidmaschinen k\u00f6nnen die Lasereinstellungen problemlos an unterschiedliche Materialtypen und -dicken von 1 bis 200 mm anpassen. Sie eignen sich f\u00fcr eine breite Palette von Metallmaterialien, darunter Edelstahl, Kohlenstoffstahl, Kupfer, Aluminium, Messing, Gold, Silber, Eisen, Titan, verzinkte Bleche und verschiedene Legierungen.<\/p>\n\n\t\t<\/div>\n\t<\/div>\n<\/div><\/div><\/div><\/div><div class=\"vc_row wpb_row vc_row-fluid\"><div class=\"wpb_column vc_column_container vc_col-sm-12\"><div class=\"vc_column-inner\"><div class=\"wpb_wrapper\">\n\t<div  class=\"wpb_single_image wpb_content_element vc_align_left wpb_content_element\">\n\t\t\n\t\t<figure class=\"wpb_wrapper vc_figure\">\n\t\t\t<div class=\"vc_single_image-wrapper   vc_box_border_grey\"><\/div>\n\t\t<\/figure>\n\t<\/div>\n<\/div><\/div><\/div><\/div><div class=\"vc_row wpb_row vc_row-fluid\"><div class=\"wpb_column vc_column_container vc_col-sm-12\"><div class=\"vc_column-inner\"><div class=\"wpb_wrapper\">\n\t<div class=\"wpb_text_column wpb_content_element\" >\n\t\t<div class=\"wpb_wrapper\">\n\t\t\t<div class=\"sub-header-divs\">\n<h3>Leistung<\/h3>\n<\/div>\n<ul>\n<li>Lasermedium - Festk\u00f6rper CW 1070nm Faserlaser<\/li>\n<li>Laserleistung - 1500W -10000W Faserquellenoptionen<\/li>\n<li>Macht - <strong>\u00a0380V 3 Phasen<\/strong><\/li>\n<li>Positioniergenauigkeit - \u2264\u00b10,03mm<\/li>\n<li>Wiederholgenauigkeit - \u2264\u00b10,02mm<\/li>\n<\/ul>\n<div class=\"sub-header-divs\">\n<h3>System<\/h3>\n<\/div>\n<ul>\n<li>Antriebssystem - Geschlossener Regelkreis Servo<\/li>\n<li>K\u00fchlmodus - Gek\u00fchltes Wasser<\/li>\n<\/ul>\n\n\t\t<\/div>\n\t<\/div>\n<\/div><\/div><\/div><\/div><div class=\"vc_row wpb_row vc_row-fluid\"><div class=\"wpb_column vc_column_container vc_col-sm-12\"><div class=\"vc_column-inner\"><div class=\"wpb_wrapper\">\n\t<div class=\"wpb_text_column wpb_content_element\" >\n\t\t<div class=\"wpb_wrapper\">\n\t\t\t<p>Faserlaserschneider f\u00fcr Bleche und Rohre bieten zwei Funktionen in einer Maschine, die Platz- und Kosteneinsparungen erm\u00f6glichen und gleichzeitig flexibel und vielseitig sind. Fordern Sie jetzt ein Angebot an!<\/p>\n\n\t\t<\/div>\n\t<\/div>\n<\/div><\/div><\/div><\/div><div class=\"vc_row wpb_row vc_row-fluid\"><div class=\"wpb_column vc_column_container vc_col-sm-12\"><div class=\"vc_column-inner\"><div class=\"wpb_wrapper\">\n\t<div class=\"wpb_text_column wpb_content_element\" >\n\t\t<div class=\"wpb_wrapper\">\n\t\t\t<p>**Warum w\u00e4hlen Sie BOGONG LASER**<\/p>\n<p>BOGONG ist ber\u00fchmt f\u00fcr die Qualit\u00e4t seiner Laserger\u00e4te und den Kundendienst. Unsere Maschinen sind vielseitig und benutzerfreundlich und wurden f\u00fcr alle Qualifikationsstufen entwickelt. Die Kundenzufriedenheit steht bei uns an erster Stelle. Egal, ob Sie ein erfahrener Experte oder ein Anf\u00e4nger sind, BOGONG LASER ist hier, um Sie bei jedem Schritt zu unterst\u00fctzen. Vertrauen Sie uns und unserem Service, bei dem Spitzenleistung und Innovation f\u00fcr Ihren Erfolg zusammenkommen.<\/p>\n\n\t\t<\/div>\n\t<\/div>\n<\/div><\/div><\/div><\/div>\n<\/div>","protected":false},"excerpt":{"rendered":"<p>The sheet and tube laser cutting machine is designed to cut &#8230; <\/p>","protected":false},"featured_media":2077,"template":"","meta":[],"product_brand":[],"product_cat":[117,92,118],"product_tag":[105,106],"class_list":{"0":"post-2075","1":"product","2":"type-product","3":"status-publish","4":"has-post-thumbnail","6":"product_cat-fiber-laser-cutting-machine","7":"product_cat-laser-cutting-machine","8":"product_cat-laser-metal-cutting-machine","9":"product_tag-fiber-laser-cutting-machine","10":"product_tag-laser-cutting-machine","12":"first","13":"instock","14":"shipping-taxable","15":"product-type-simple"},"yoast_head":"<!-- This site is optimized with the Yoast SEO plugin v25.2 - https:\/\/yoast.com\/wordpress\/plugins\/seo\/ -->\n<title>Laser Plate &amp; Tube Combo Fiber Laer Cutting Machine - BOGONG LASER\u00ae<\/title>\n<meta name=\"robots\" content=\"noindex, follow, max-snippet:-1, max-image-preview:large, max-video-preview:-1\" \/>\n<meta property=\"og:locale\" content=\"de_DE\" \/>\n<meta property=\"og:type\" content=\"article\" \/>\n<meta property=\"og:title\" content=\"Laser Plate &amp; Tube Combo Fiber Laer Cutting Machine - BOGONG LASER\u00ae\" \/>\n<meta property=\"og:description\" content=\"The sheet and tube laser cutting machine is designed to cut ...\" \/>\n<meta property=\"og:url\" content=\"https:\/\/www.laserwelder.tech\/de\/produkt\/all-in-one-fiber-laser-metal-cutting-machine-tube-and-metal-sheet-laser-cutting-machine\/\" \/>\n<meta property=\"og:site_name\" content=\"BOGONG LASER\u00ae\" \/>\n<meta property=\"article:modified_time\" content=\"2025-02-13T10:58:46+00:00\" \/>\n<meta property=\"og:image\" content=\"https:\/\/www.laserwelder.tech\/wp-content\/uploads\/2024\/12\/tube-and-pipe-laser-cutting-machine.jpg\" \/>\n\t<meta property=\"og:image:width\" content=\"600\" \/>\n\t<meta property=\"og:image:height\" content=\"600\" \/>\n\t<meta property=\"og:image:type\" content=\"image\/jpeg\" \/>\n<meta name=\"twitter:card\" content=\"summary_large_image\" \/>\n<meta name=\"twitter:label1\" content=\"Gesch\u00e4tzte Lesezeit\" \/>\n\t<meta name=\"twitter:data1\" content=\"2\u00a0Minuten\" \/>\n<script type=\"application\/ld+json\" class=\"yoast-schema-graph\">{\"@context\":\"https:\/\/schema.org\",\"@graph\":[{\"@type\":\"WebPage\",\"@id\":\"https:\/\/www.laserwelder.tech\/product\/all-in-one-fiber-laser-metal-cutting-machine-tube-and-metal-sheet-laser-cutting-machine\/\",\"url\":\"https:\/\/www.laserwelder.tech\/product\/all-in-one-fiber-laser-metal-cutting-machine-tube-and-metal-sheet-laser-cutting-machine\/\",\"name\":\"Laser Plate & Tube Combo Fiber Laer Cutting Machine - BOGONG LASER\u00ae\",\"isPartOf\":{\"@id\":\"https:\/\/www.laserwelder.tech\/#website\"},\"primaryImageOfPage\":{\"@id\":\"https:\/\/www.laserwelder.tech\/product\/all-in-one-fiber-laser-metal-cutting-machine-tube-and-metal-sheet-laser-cutting-machine\/#primaryimage\"},\"image\":{\"@id\":\"https:\/\/www.laserwelder.tech\/product\/all-in-one-fiber-laser-metal-cutting-machine-tube-and-metal-sheet-laser-cutting-machine\/#primaryimage\"},\"thumbnailUrl\":\"https:\/\/www.laserwelder.tech\/wp-content\/uploads\/2024\/12\/tube-and-pipe-laser-cutting-machine.jpg\",\"datePublished\":\"2024-12-02T07:16:04+00:00\",\"dateModified\":\"2025-02-13T10:58:46+00:00\",\"breadcrumb\":{\"@id\":\"https:\/\/www.laserwelder.tech\/product\/all-in-one-fiber-laser-metal-cutting-machine-tube-and-metal-sheet-laser-cutting-machine\/#breadcrumb\"},\"inLanguage\":\"de\",\"potentialAction\":[{\"@type\":\"ReadAction\",\"target\":[\"https:\/\/www.laserwelder.tech\/product\/all-in-one-fiber-laser-metal-cutting-machine-tube-and-metal-sheet-laser-cutting-machine\/\"]}]},{\"@type\":\"ImageObject\",\"inLanguage\":\"de\",\"@id\":\"https:\/\/www.laserwelder.tech\/product\/all-in-one-fiber-laser-metal-cutting-machine-tube-and-metal-sheet-laser-cutting-machine\/#primaryimage\",\"url\":\"https:\/\/www.laserwelder.tech\/wp-content\/uploads\/2024\/12\/tube-and-pipe-laser-cutting-machine.jpg\",\"contentUrl\":\"https:\/\/www.laserwelder.tech\/wp-content\/uploads\/2024\/12\/tube-and-pipe-laser-cutting-machine.jpg\",\"width\":600,\"height\":600},{\"@type\":\"BreadcrumbList\",\"@id\":\"https:\/\/www.laserwelder.tech\/product\/all-in-one-fiber-laser-metal-cutting-machine-tube-and-metal-sheet-laser-cutting-machine\/#breadcrumb\",\"itemListElement\":[{\"@type\":\"ListItem\",\"position\":1,\"name\":\"\u9996\u9875\",\"item\":\"https:\/\/www.laserwelder.tech\/\"},{\"@type\":\"ListItem\",\"position\":2,\"name\":\"Products\",\"item\":\"https:\/\/www.laserwelder.tech\/products\/\"},{\"@type\":\"ListItem\",\"position\":3,\"name\":\"Laser Plate &#038; Tube Combo Fiber Laer Cutting Machine\"}]},{\"@type\":\"WebSite\",\"@id\":\"https:\/\/www.laserwelder.tech\/#website\",\"url\":\"https:\/\/www.laserwelder.tech\/\",\"name\":\"BOGONG LASER\u00ae\",\"description\":\"BOGONG\u00ae is a Professional China CNC laser machine manufacturer for fiber Laser cutting Machine, Laser Engraving Machine, Laser Cleaner, Laser Welder, CO2 laser Cutter and other CNC laser machines.\",\"potentialAction\":[{\"@type\":\"SearchAction\",\"target\":{\"@type\":\"EntryPoint\",\"urlTemplate\":\"https:\/\/www.laserwelder.tech\/?s={search_term_string}\"},\"query-input\":{\"@type\":\"PropertyValueSpecification\",\"valueRequired\":true,\"valueName\":\"search_term_string\"}}],\"inLanguage\":\"de\"}]}<\/script>\n<!-- \/ Yoast SEO plugin. -->","yoast_head_json":{"title":"Laser Plate & Tube Combo Fiber Laer Cutting Machine - BOGONG LASER\u00ae","robots":{"index":"noindex","follow":"follow","max-snippet":"max-snippet:-1","max-image-preview":"max-image-preview:large","max-video-preview":"max-video-preview:-1"},"og_locale":"de_DE","og_type":"article","og_title":"Laser Plate & Tube Combo Fiber Laer Cutting Machine - BOGONG LASER\u00ae","og_description":"The sheet and tube laser cutting machine is designed to cut ...","og_url":"https:\/\/www.laserwelder.tech\/de\/produkt\/all-in-one-fiber-laser-metal-cutting-machine-tube-and-metal-sheet-laser-cutting-machine\/","og_site_name":"BOGONG LASER\u00ae","article_modified_time":"2025-02-13T10:58:46+00:00","og_image":[{"width":600,"height":600,"url":"https:\/\/www.laserwelder.tech\/wp-content\/uploads\/2024\/12\/tube-and-pipe-laser-cutting-machine.jpg","type":"image\/jpeg"}],"twitter_card":"summary_large_image","twitter_misc":{"Gesch\u00e4tzte Lesezeit":"2\u00a0Minuten"},"schema":{"@context":"https:\/\/schema.org","@graph":[{"@type":"WebPage","@id":"https:\/\/www.laserwelder.tech\/product\/all-in-one-fiber-laser-metal-cutting-machine-tube-and-metal-sheet-laser-cutting-machine\/","url":"https:\/\/www.laserwelder.tech\/product\/all-in-one-fiber-laser-metal-cutting-machine-tube-and-metal-sheet-laser-cutting-machine\/","name":"Laser Plate & Tube Combo Fiber Laer Cutting Machine - BOGONG LASER\u00ae","isPartOf":{"@id":"https:\/\/www.laserwelder.tech\/#website"},"primaryImageOfPage":{"@id":"https:\/\/www.laserwelder.tech\/product\/all-in-one-fiber-laser-metal-cutting-machine-tube-and-metal-sheet-laser-cutting-machine\/#primaryimage"},"image":{"@id":"https:\/\/www.laserwelder.tech\/product\/all-in-one-fiber-laser-metal-cutting-machine-tube-and-metal-sheet-laser-cutting-machine\/#primaryimage"},"thumbnailUrl":"https:\/\/www.laserwelder.tech\/wp-content\/uploads\/2024\/12\/tube-and-pipe-laser-cutting-machine.jpg","datePublished":"2024-12-02T07:16:04+00:00","dateModified":"2025-02-13T10:58:46+00:00","breadcrumb":{"@id":"https:\/\/www.laserwelder.tech\/product\/all-in-one-fiber-laser-metal-cutting-machine-tube-and-metal-sheet-laser-cutting-machine\/#breadcrumb"},"inLanguage":"de","potentialAction":[{"@type":"ReadAction","target":["https:\/\/www.laserwelder.tech\/product\/all-in-one-fiber-laser-metal-cutting-machine-tube-and-metal-sheet-laser-cutting-machine\/"]}]},{"@type":"ImageObject","inLanguage":"de","@id":"https:\/\/www.laserwelder.tech\/product\/all-in-one-fiber-laser-metal-cutting-machine-tube-and-metal-sheet-laser-cutting-machine\/#primaryimage","url":"https:\/\/www.laserwelder.tech\/wp-content\/uploads\/2024\/12\/tube-and-pipe-laser-cutting-machine.jpg","contentUrl":"https:\/\/www.laserwelder.tech\/wp-content\/uploads\/2024\/12\/tube-and-pipe-laser-cutting-machine.jpg","width":600,"height":600},{"@type":"BreadcrumbList","@id":"https:\/\/www.laserwelder.tech\/product\/all-in-one-fiber-laser-metal-cutting-machine-tube-and-metal-sheet-laser-cutting-machine\/#breadcrumb","itemListElement":[{"@type":"ListItem","position":1,"name":"\u9996\u9875","item":"https:\/\/www.laserwelder.tech\/"},{"@type":"ListItem","position":2,"name":"Products","item":"https:\/\/www.laserwelder.tech\/products\/"},{"@type":"ListItem","position":3,"name":"Laser Plate &#038; Tube Combo Fiber Laer Cutting Machine"}]},{"@type":"WebSite","@id":"https:\/\/www.laserwelder.tech\/#website","url":"https:\/\/www.laserwelder.tech\/","name":"BOGONG LASER\u00ae","description":"BOGONG\u00ae is a Professional China CNC laser machine manufacturer for fiber Laser cutting Machine, Laser Engraving Machine, Laser Cleaner, Laser Welder, CO2 laser Cutter and other CNC laser machines.","potentialAction":[{"@type":"SearchAction","target":{"@type":"EntryPoint","urlTemplate":"https:\/\/www.laserwelder.tech\/?s={search_term_string}"},"query-input":{"@type":"PropertyValueSpecification","valueRequired":true,"valueName":"search_term_string"}}],"inLanguage":"de"}]}},"_links":{"self":[{"href":"https:\/\/www.laserwelder.tech\/de\/wp-json\/wp\/v2\/product\/2075","targetHints":{"allow":["GET"]}}],"collection":[{"href":"https:\/\/www.laserwelder.tech\/de\/wp-json\/wp\/v2\/product"}],"about":[{"href":"https:\/\/www.laserwelder.tech\/de\/wp-json\/wp\/v2\/types\/product"}],"wp:featuredmedia":[{"embeddable":true,"href":"https:\/\/www.laserwelder.tech\/de\/wp-json\/wp\/v2\/media\/2077"}],"wp:attachment":[{"href":"https:\/\/www.laserwelder.tech\/de\/wp-json\/wp\/v2\/media?parent=2075"}],"wp:term":[{"taxonomy":"product_brand","embeddable":true,"href":"https:\/\/www.laserwelder.tech\/de\/wp-json\/wp\/v2\/product_brand?post=2075"},{"taxonomy":"product_cat","embeddable":true,"href":"https:\/\/www.laserwelder.tech\/de\/wp-json\/wp\/v2\/product_cat?post=2075"},{"taxonomy":"product_tag","embeddable":true,"href":"https:\/\/www.laserwelder.tech\/de\/wp-json\/wp\/v2\/product_tag?post=2075"}],"curies":[{"name":"wp","href":"https:\/\/api.w.org\/{rel}","templated":true}]}}