{"id":1981,"date":"2024-11-25T16:08:24","date_gmt":"2024-11-25T08:08:24","guid":{"rendered":"https:\/\/bogonglaser.com\/?post_type=product&#038;p=1981"},"modified":"2024-11-27T11:21:19","modified_gmt":"2024-11-27T03:21:19","slug":"smallest-fiber-laser-cutting-machine-for-brass-gold-silver","status":"publish","type":"product","link":"https:\/\/www.laserwelder.tech\/fr\/produit\/smallest-fiber-laser-cutting-machine-for-brass-gold-silver\/","title":{"rendered":"Petite machine de d\u00e9coupe laser \u00e0 fibre pour le laiton, l'or et l'argent"},"content":{"rendered":"<div class=\"wpb-content-wrapper\"><div class=\"vc_row wpb_row vc_row-fluid\"><div class=\"wpb_column vc_column_container vc_col-sm-12\"><div class=\"vc_column-inner\"><div class=\"wpb_wrapper\">\n\t<div class=\"wpb_text_column wpb_content_element\" >\n\t\t<div class=\"wpb_wrapper\">\n\t\t\t<p>Vous \u00eates \u00e0 la recherche de la meilleure machine de d\u00e9coupe laser de pr\u00e9cision (1500W , 2000W ou 3000W) pour cr\u00e9er des bijoux personnalis\u00e9s en m\u00e9tal comme des bagues, des boucles d'oreilles, des pendentifs, des bracelets, des boutons de manchette, des colliers, des broches et d'autres ornements personnalis\u00e9s en argent, en or, en cuivre ou en acier inoxydable ? D\u00e9couvrez les meilleurs d\u00e9coupeurs laser \u00e0 fibre compacts pour bijoux disponibles \u00e0 la vente \u00e0 prix co\u00fbtant.<\/p>\n\n\t\t<\/div>\n\t<\/div>\n<\/div><\/div><\/div><\/div><div class=\"vc_row wpb_row vc_row-fluid\"><div class=\"wpb_column vc_column_container vc_col-sm-12\"><div class=\"vc_column-inner\"><div class=\"wpb_wrapper\">\n\t<div  class=\"wpb_single_image wpb_content_element vc_align_left wpb_content_element\">\n\t\t\n\t\t<figure class=\"wpb_wrapper vc_figure\">\n\t\t\t<div class=\"vc_single_image-wrapper   vc_box_border_grey\"><img decoding=\"async\" width=\"432\" height=\"250\" src=\"data:image\/svg+xml,%3Csvg%20xmlns%3D&#39;http%3A%2F%2Fwww.w3.org%2F2000%2Fsvg&#39;%20width=&#39;432&#39;%20height=&#39;250&#39;%20viewBox%3D&#39;0%200%20432%20250&#39;%2F%3E\" data-czlz data-src=\"https:\/\/www.laserwelder.tech\/wp-content\/uploads\/2024\/11\/precision-laser-cutter.jpg\" class=\"vc_single_image-img attachment-full\" alt=\"\" title=\"d\u00e9coupeuse laser de pr\u00e9cision\" data-srcset=\"https:\/\/www.laserwelder.tech\/wp-content\/uploads\/2024\/11\/precision-laser-cutter.jpg 432w, https:\/\/www.laserwelder.tech\/wp-content\/uploads\/2024\/11\/precision-laser-cutter-300x174.jpg 300w\" data-sizes=\"(max-width: 432px) 100vw, 432px\" \/><\/div>\n\t\t<\/figure>\n\t<\/div>\n<\/div><\/div><\/div><\/div><div class=\"vc_row wpb_row vc_row-fluid\"><div class=\"wpb_column vc_column_container vc_col-sm-12\"><div class=\"vc_column-inner\"><div class=\"wpb_wrapper\">\n\t<div class=\"wpb_text_column wpb_content_element\" >\n\t\t<div class=\"wpb_wrapper\">\n\t\t\t<div class=\"sub-header-divs\">\n<h3>Performance<\/h3>\n<\/div>\n<ul>\n<li>Milieu laser - Laser \u00e0 fibre CW 1070nm \u00e0 l'\u00e9tat solide<\/li>\n<li>Puissance du laser - 1000W \u00e0 3000W Options de source de fibre<\/li>\n<li>Alimentation - 220v\u00a0<strong>monophas\u00e9\/ 380V triphas\u00e9<\/strong><\/li>\n<li>Pr\u00e9cision de positionnement - \u2264\u00b10,03mm<\/li>\n<li>Pr\u00e9cision de la r\u00e9p\u00e9tabilit\u00e9 - \u2264\u00b10,02mm<\/li>\n<\/ul>\n<div class=\"sub-header-divs\">\n<h3>Syst\u00e8me<\/h3>\n<\/div>\n<ul>\n<li>Syst\u00e8me de conduite - Servo en boucle ferm\u00e9e<\/li>\n<li>Mode de refroidissement - Eau r\u00e9frig\u00e9r\u00e9e<\/li>\n<\/ul>\n\n\t\t<\/div>\n\t<\/div>\n<\/div><\/div><\/div><\/div><div class=\"vc_row wpb_row vc_row-fluid\"><div class=\"wpb_column vc_column_container vc_col-sm-12\"><div class=\"vc_column-inner\"><div class=\"wpb_wrapper\">\n\t<div class=\"wpb_text_column wpb_content_element\" >\n\t\t<div class=\"wpb_wrapper\">\n\t\t\t<p>La d\u00e9coupe au laser de bijoux en m\u00e9tal de formes vari\u00e9es est un moyen simple et efficace de cr\u00e9er des pi\u00e8ces personnalis\u00e9es. Elle permet des coupes rapides, nettes et lisses. Cependant, la cr\u00e9ation de beaux bijoux en m\u00e9tal n\u00e9cessite de la pr\u00e9cision et un toucher d\u00e9licat. C'est l\u00e0 qu'intervient la petite d\u00e9coupeuse laser BOGONG 3030. Elle offre des d\u00e9tails incroyables et des r\u00e9sultats qui d\u00e9passent les attentes. De plus, il peut d\u00e9couper non seulement l'or et l'argent, mais aussi des mat\u00e9riaux tels que le cuivre et l'acier inoxydable.<\/p>\n<p>Si vous cherchez \u00e0 fabriquer des bijoux en m\u00e9tal uniques, tout ce dont vous avez besoin est la d\u00e9coupeuse laser \u00e0 fibre 3030 de BOGONG LASER. Il est compact, ce qui permet d'\u00e9conomiser un espace de travail pr\u00e9cieux, et il est \u00e9quip\u00e9 d'un contr\u00f4leur CNC automatique et d'un logiciel intuitif facile \u00e0 utiliser, que vous soyez un d\u00e9butant ou un professionnel chevronn\u00e9. Il convient parfaitement aux artisans \u00e0 domicile et aux petites entreprises.<\/p>\n<p>Qu'est-ce qu'un bijou en m\u00e9tal ?<br \/>\nLes bijoux en m\u00e9tal comprennent une large gamme d'articles tels que les bagues, les boucles d'oreilles, les colliers, les bracelets, les broches, les pendentifs et les boutons de manchette, g\u00e9n\u00e9ralement fabriqu\u00e9s \u00e0 partir de mat\u00e9riaux tels que l'or, l'argent, le cuivre et l'acier inoxydable color\u00e9, parmi d'autres m\u00e9taux pr\u00e9cieux.<\/p>\n<p>La plupart de ces bijoux sont constitu\u00e9s de petites pi\u00e8ces, ce qui exige une grande pr\u00e9cision de coupe et un minimum de d\u00e9chets. Les m\u00e9thodes traditionnelles de d\u00e9coupe m\u00e9canique ne r\u00e9pondent tout simplement pas aux exigences modernes de la bijouterie. La d\u00e9coupe au laser est la meilleure solution, car elle offre rapidit\u00e9, pr\u00e9cision, haute qualit\u00e9 et des processus non destructifs et respectueux de l'environnement. \u00c9tant donn\u00e9 que les diff\u00e9rents m\u00e9taux pr\u00e9sentent des degr\u00e9s variables de souplesse, de duret\u00e9 et de r\u00e9flectivit\u00e9, les lasers \u00e0 fibre sont particuli\u00e8rement bien adapt\u00e9s \u00e0 la r\u00e9alisation de d\u00e9coupes pr\u00e9cises dans les bijoux en m\u00e9tal.<\/p>\n\n\t\t<\/div>\n\t<\/div>\n<\/div><\/div><\/div><\/div><div class=\"vc_row wpb_row vc_row-fluid\"><div class=\"wpb_column vc_column_container vc_col-sm-12\"><div class=\"vc_column-inner\"><div class=\"wpb_wrapper\">\n\t<div class=\"wpb_video_widget wpb_content_element vc_clearfix   vc_video-aspect-ratio-169 vc_video-el-width-80 vc_video-align-left\" >\n\t\t<div class=\"wpb_wrapper\">\n\t\t\t\n\t\t\t<div class=\"wpb_video_wrapper\"><iframe title=\"La plus petite machine de d\u00e9coupe laser \u00e0 fibre : Une perc\u00e9e dans la technologie de la d\u00e9coupe des m\u00e9taux\" width=\"500\" height=\"281\" src=\"https:\/\/www.youtube.com\/embed\/9jNRk6QalxQ?feature=oembed\" frameborder=\"0\" allow=\"accelerometer; autoplay; clipboard-write; encrypted-media; gyroscope; picture-in-picture; web-share\" referrerpolicy=\"strict-origin-when-cross-origin\" allowfullscreen><\/iframe><\/div>\n\t\t<\/div>\n\t<\/div>\n<\/div><\/div><\/div><\/div><div class=\"vc_row wpb_row vc_row-fluid\"><div class=\"wpb_column vc_column_container vc_col-sm-12\"><div class=\"vc_column-inner\"><div class=\"wpb_wrapper\">\n\t<div  class=\"wpb_single_image wpb_content_element vc_align_left wpb_content_element\">\n\t\t\n\t\t<figure class=\"wpb_wrapper vc_figure\">\n\t\t\t<div class=\"vc_single_image-wrapper   vc_box_border_grey\"><img decoding=\"async\" width=\"600\" height=\"338\" src=\"data:image\/svg+xml,%3Csvg%20xmlns%3D&#39;http%3A%2F%2Fwww.w3.org%2F2000%2Fsvg&#39;%20width=&#39;600&#39;%20height=&#39;338&#39;%20viewBox%3D&#39;0%200%20600%20338&#39;%2F%3E\" data-czlz data-src=\"https:\/\/www.laserwelder.tech\/wp-content\/uploads\/2024\/11\/fiber-laser-cutting.jpg\" class=\"vc_single_image-img attachment-full\" alt=\"\" title=\"d\u00e9coupe au laser \u00e0 fibre\" data-srcset=\"https:\/\/www.laserwelder.tech\/wp-content\/uploads\/2024\/11\/fiber-laser-cutting.jpg 600w, https:\/\/www.laserwelder.tech\/wp-content\/uploads\/2024\/11\/fiber-laser-cutting-300x169.jpg 300w\" data-sizes=\"(max-width: 600px) 100vw, 600px\" \/><\/div>\n\t\t<\/figure>\n\t<\/div>\n<\/div><\/div><\/div><\/div><div class=\"vc_row wpb_row vc_row-fluid\"><div class=\"wpb_column vc_column_container vc_col-sm-12\"><div class=\"vc_column-inner\"><div class=\"wpb_wrapper\">\n\t<div  class=\"wpb_single_image wpb_content_element vc_align_left wpb_content_element\">\n\t\t<h2 class=\"wpb_heading wpb_singleimage_heading\">BOGONG propose un service OEM, en apposant votre logo sur la d\u00e9coupeuse laser.<\/h2>\n\t\t<figure class=\"wpb_wrapper vc_figure\">\n\t\t\t<div class=\"vc_single_image-wrapper   vc_box_border_grey\"><img decoding=\"async\" width=\"600\" height=\"338\" src=\"data:image\/svg+xml,%3Csvg%20xmlns%3D&#39;http%3A%2F%2Fwww.w3.org%2F2000%2Fsvg&#39;%20width=&#39;600&#39;%20height=&#39;338&#39;%20viewBox%3D&#39;0%200%20600%20338&#39;%2F%3E\" data-czlz data-src=\"https:\/\/www.laserwelder.tech\/wp-content\/uploads\/2024\/11\/smart-fiber-laser-cutter.jpg\" class=\"vc_single_image-img attachment-full\" alt=\"\" title=\"D\u00e9coupeur laser \u00e0 fibre intelligente\" data-srcset=\"https:\/\/www.laserwelder.tech\/wp-content\/uploads\/2024\/11\/smart-fiber-laser-cutter.jpg 600w, https:\/\/www.laserwelder.tech\/wp-content\/uploads\/2024\/11\/smart-fiber-laser-cutter-300x169.jpg 300w\" data-sizes=\"(max-width: 600px) 100vw, 600px\" \/><\/div>\n\t\t<\/figure>\n\t<\/div>\n<\/div><\/div><\/div><\/div><div class=\"vc_row wpb_row vc_row-fluid\"><div class=\"wpb_column vc_column_container vc_col-sm-12\"><div class=\"vc_column-inner\"><div class=\"wpb_wrapper\">\n\t<div class=\"wpb_text_column wpb_content_element\" >\n\t\t<div class=\"wpb_wrapper\">\n\t\t\t<h4>Machine de d\u00e9coupe laser \u00e0 fibre Industries concern\u00e9es<\/h4>\n<p>\u00c9quipements m\u00e9caniques et \u00e9lectriques, fabrication de t\u00f4les, armoires, produits en acier inoxydable, luminaires, pi\u00e8ces automobiles, outils de quincaillerie, enseignes publicitaires, articles de d\u00e9coration et autres industries.<\/p>\n\n\t\t<\/div>\n\t<\/div>\n<\/div><\/div><\/div><\/div><div class=\"vc_row wpb_row vc_row-fluid\"><div class=\"wpb_column vc_column_container vc_col-sm-12\"><div class=\"vc_column-inner\"><div class=\"wpb_wrapper\">\n\t<div class=\"wpb_video_widget wpb_content_element vc_clearfix   vc_video-aspect-ratio-169 vc_video-el-width-80 vc_video-align-left\" >\n\t\t<div class=\"wpb_wrapper\">\n\t\t\t<h2 class=\"wpb_heading wpb_video_heading\">D\u00e9coupe d'une petite pi\u00e8ce m\u00e9tallique<\/h2>\n\t\t\t<div class=\"wpb_video_wrapper\"><iframe title=\"D\u00e9coupeur laser \u00e0 fibre pour l&#039;acier inoxydable, le laiton, l&#039;aluminium, l&#039;or et l&#039;argent\" width=\"500\" height=\"281\" src=\"https:\/\/www.youtube.com\/embed\/Kb8-nzgy2NM?feature=oembed\" frameborder=\"0\" allow=\"accelerometer; autoplay; clipboard-write; encrypted-media; gyroscope; picture-in-picture; web-share\" referrerpolicy=\"strict-origin-when-cross-origin\" allowfullscreen><\/iframe><\/div>\n\t\t<\/div>\n\t<\/div>\n<\/div><\/div><\/div><\/div><div class=\"vc_row wpb_row vc_row-fluid\"><div class=\"wpb_column vc_column_container vc_col-sm-12\"><div class=\"vc_column-inner\"><div class=\"wpb_wrapper\">\n\t<div class=\"wpb_text_column wpb_content_element\" >\n\t\t<div class=\"wpb_wrapper\">\n\t\t\t<p>Comment cela fonctionne-t-il ?<br \/>\nLes d\u00e9coupeurs de bijoux m\u00e9talliques au laser utilisent une technologie laser avanc\u00e9e, et la fa\u00e7on dont les mat\u00e9riaux interagissent avec le laser est un \u00e9l\u00e9ment cl\u00e9 du processus. Voici une description simple, \u00e9tape par \u00e9tape, de son fonctionnement :<\/p>\n<p>1. Entr\u00e9e de la conception : Vous cr\u00e9ez d'abord votre dessin \u00e0 l'aide d'un logiciel de CAO. Cette conception est ensuite transform\u00e9e en un format lisible par la machine \u00e0 l'aide d'un logiciel de FAO.<\/p>\n<p>2. G\u00e9n\u00e9ration de laser : Le d\u00e9coupeur utilise un laser CO2 ou un laser \u00e0 fibre pour produire un faisceau concentr\u00e9 de lumi\u00e8re \u00e0 haute temp\u00e9rature.<\/p>\n<p>3. Focalisation du faisceau : Le syst\u00e8me optique dirige ce puissant faisceau laser vers un point sp\u00e9cifique de la surface m\u00e9tallique pour la d\u00e9couper ou la graver.<\/p>\n<p>4. Interaction avec le mat\u00e9riau : La chaleur du laser affecte les diff\u00e9rents m\u00e9taux de diff\u00e9rentes mani\u00e8res, de sorte que les r\u00e9glages peuvent changer en fonction du mat\u00e9riau.<\/p>\n<p>5. Mouvement contr\u00f4l\u00e9 : Le laser suit le mod\u00e8le de conception que vous avez cr\u00e9\u00e9, en se d\u00e9pla\u00e7ant pr\u00e9cis\u00e9ment selon les instructions du logiciel.<\/p>\n<p>6. Refroidissement : Un syst\u00e8me de refroidissement efficace est essentiel pour garantir que le produit fini conserve sa forme et sa qualit\u00e9 d'origine.<\/p>\n<p>7. \u00c9limination des r\u00e9sidus : Apr\u00e8s le processus de d\u00e9coupe, les restes de mat\u00e9riau sont nettoy\u00e9s pour donner \u00e0 la pi\u00e8ce une finition polie.<\/p>\n<p>Pourquoi choisir un laser de pr\u00e9cision pour d\u00e9couper des bijoux en argent, en or et en cuivre ? - Avantages<br \/>\n\u2714 Conception compacte et s\u00fbre : Le cutter est dot\u00e9 d'un verre anti-radiation conforme \u00e0 la norme CE, ce qui rend son utilisation plus s\u00fbre.<\/p>\n<p>\u2714 D\u00e9coupe de haute pr\u00e9cision : Il utilise un syst\u00e8me de servomoteur japonais import\u00e9 \u00e0 courant alternatif pour des coupes rapides et pr\u00e9cises.<\/p>\n<p>\u2714 Mouvement pr\u00e9cis : L'axe Y est con\u00e7u avec une transmission \u00e0 vis \u00e0 billes de haute pr\u00e9cision, assurant des coupes droites m\u00eame \u00e0 grande vitesse.<\/p>\n<p>\u2714 Construction durable : La machine est construite pour durer et r\u00e9siste \u00e0 la d\u00e9formation.<\/p>\n<p>\u2714 Positionnement efficace : Les pinces pneumatiques maintiennent solidement les mat\u00e9riaux les plus fins, tandis qu'une table de lame mobile accueille les pi\u00e8ces plus \u00e9paisses, garantissant ainsi la pr\u00e9cision.<\/p>\n<p>\u2714 Blindage protecteur : La conception enti\u00e8rement ferm\u00e9e emp\u00eache tout d\u00e9bris m\u00e9tallique de s'\u00e9chapper pendant la coupe.<\/p>\n<p>\u2714 Ramassage facile des d\u00e9bris : Un bac de r\u00e9cup\u00e9ration situ\u00e9 sous la table de coupe permet de rassembler et d'\u00e9liminer rapidement les restes de mat\u00e9riaux.<\/p>\n\n\t\t<\/div>\n\t<\/div>\n<\/div><\/div><\/div><\/div><div class=\"vc_row wpb_row vc_row-fluid\"><div class=\"wpb_column vc_column_container vc_col-sm-12\"><div class=\"vc_column-inner\"><div class=\"wpb_wrapper\">\n\t<div class=\"wpb_text_column wpb_content_element\" >\n\t\t<div class=\"wpb_wrapper\">\n\t\t\t<p>**Pourquoi choisir BOGONG LASER** ?<\/p>\n<p>BOGONG est r\u00e9put\u00e9 pour la qualit\u00e9 de ses \u00e9quipements laser et de son service apr\u00e8s-vente. Nos machines sont polyvalentes et conviviales, con\u00e7ues pour tous les niveaux de comp\u00e9tence. Par-dessus tout, nous accordons la priorit\u00e9 \u00e0 la satisfaction du client. Que vous soyez un expert chevronn\u00e9 ou un d\u00e9butant, BOGONG LASER est l\u00e0 pour vous aider \u00e0 chaque \u00e9tape. Faites-nous confiance et faites confiance \u00e0 notre service, o\u00f9 l'excellence et l'innovation se conjuguent pour votre r\u00e9ussite.<\/p>\n\n\t\t<\/div>\n\t<\/div>\n<\/div><\/div><\/div><\/div><div class=\"vc_row wpb_row vc_row-fluid\"><div class=\"wpb_column vc_column_container vc_col-sm-12\"><div class=\"vc_column-inner\"><div class=\"wpb_wrapper\"><div class=\"wpb_gallery wpb_content_element vc_clearfix wpb_content_element\" ><div class=\"wpb_wrapper\"><div class=\"wpb_gallery_slides wpb_flexslider flexslider_fade flexslider\" data-interval=\"3\" data-flex_fx=\"fade\"><ul class=\"slides\"><li><a class=\"\" href=\"https:\/\/www.laserwelder.tech\/wp-content\/uploads\/2024\/11\/fiber-laser-cutter.jpg\" data-lightbox=\"lightbox[rel-1981-2166369967]\"><img decoding=\"async\" width=\"800\" height=\"600\" src=\"data:image\/svg+xml,%3Csvg%20xmlns%3D&#39;http%3A%2F%2Fwww.w3.org%2F2000%2Fsvg&#39;%20width=&#39;800&#39;%20height=&#39;600&#39;%20viewBox%3D&#39;0%200%20800%20600&#39;%2F%3E\" data-czlz data-src=\"https:\/\/www.laserwelder.tech\/wp-content\/uploads\/2024\/11\/fiber-laser-cutter.jpg\" class=\"attachment-full\" alt=\"fiber laser cutter\" title=\"D\u00e9coupeur laser \u00e0 fibre\" data-srcset=\"https:\/\/www.laserwelder.tech\/wp-content\/uploads\/2024\/11\/fiber-laser-cutter.jpg 800w, https:\/\/www.laserwelder.tech\/wp-content\/uploads\/2024\/11\/fiber-laser-cutter-300x225.jpg 300w, https:\/\/www.laserwelder.tech\/wp-content\/uploads\/2024\/11\/fiber-laser-cutter-768x576.jpg 768w, https:\/\/www.laserwelder.tech\/wp-content\/uploads\/2024\/11\/fiber-laser-cutter-600x450.jpg 600w\" data-sizes=\"(max-width: 800px) 100vw, 800px\" \/><\/a><\/li><\/ul><\/div><\/div><\/div><\/div><\/div><\/div><\/div>\n<\/div>","protected":false},"excerpt":{"rendered":"<h3>La plus petite machine de d\u00e9coupe laser \u00e0 fibre<\/h3>\n<p>BOGONG 3030 Fiber Laser cutting Machine is &#8230; <\/p>","protected":false},"featured_media":1983,"template":"","meta":[],"product_brand":[],"product_cat":[117,92,118],"product_tag":[105,106],"class_list":{"0":"post-1981","1":"product","2":"type-product","3":"status-publish","4":"has-post-thumbnail","6":"product_cat-fiber-laser-cutting-machine","7":"product_cat-laser-cutting-machine","8":"product_cat-laser-metal-cutting-machine","9":"product_tag-fiber-laser-cutting-machine","10":"product_tag-laser-cutting-machine","12":"first","13":"instock","14":"shipping-taxable","15":"product-type-simple"},"yoast_head":"<!-- This site is optimized with the Yoast SEO plugin v25.2 - https:\/\/yoast.com\/wordpress\/plugins\/seo\/ -->\n<title>Smallest Fiber Laser Cutting Machine For Brass, Gold, Silver - BOGONG LASER\u00ae<\/title>\n<meta name=\"robots\" content=\"noindex, follow, max-snippet:-1, max-image-preview:large, max-video-preview:-1\" \/>\n<meta property=\"og:locale\" content=\"fr_FR\" \/>\n<meta property=\"og:type\" content=\"article\" \/>\n<meta property=\"og:title\" content=\"Smallest Fiber Laser Cutting Machine For Brass, Gold, Silver - BOGONG LASER\u00ae\" \/>\n<meta property=\"og:description\" content=\"Smallest Fiber Laser Cutting Machine BOGONG 3030 Fiber Laser cutting Machine is ...\" \/>\n<meta property=\"og:url\" content=\"https:\/\/www.laserwelder.tech\/fr\/produit\/smallest-fiber-laser-cutting-machine-for-brass-gold-silver\/\" \/>\n<meta property=\"og:site_name\" content=\"BOGONG LASER\u00ae\" \/>\n<meta property=\"article:modified_time\" content=\"2024-11-27T03:21:19+00:00\" \/>\n<meta property=\"og:image\" content=\"https:\/\/www.laserwelder.tech\/wp-content\/uploads\/2024\/11\/mini-fiber-laser-cutter.jpg\" \/>\n\t<meta property=\"og:image:width\" content=\"600\" \/>\n\t<meta property=\"og:image:height\" content=\"600\" \/>\n\t<meta property=\"og:image:type\" content=\"image\/jpeg\" \/>\n<meta name=\"twitter:card\" content=\"summary_large_image\" \/>\n<meta name=\"twitter:label1\" content=\"Dur\u00e9e de lecture estim\u00e9e\" \/>\n\t<meta name=\"twitter:data1\" content=\"5 minutes\" \/>\n<script type=\"application\/ld+json\" class=\"yoast-schema-graph\">{\"@context\":\"https:\/\/schema.org\",\"@graph\":[{\"@type\":\"WebPage\",\"@id\":\"https:\/\/www.laserwelder.tech\/product\/smallest-fiber-laser-cutting-machine-for-brass-gold-silver\/\",\"url\":\"https:\/\/www.laserwelder.tech\/product\/smallest-fiber-laser-cutting-machine-for-brass-gold-silver\/\",\"name\":\"Smallest Fiber Laser Cutting Machine For Brass, Gold, Silver - BOGONG LASER\u00ae\",\"isPartOf\":{\"@id\":\"https:\/\/www.laserwelder.tech\/#website\"},\"primaryImageOfPage\":{\"@id\":\"https:\/\/www.laserwelder.tech\/product\/smallest-fiber-laser-cutting-machine-for-brass-gold-silver\/#primaryimage\"},\"image\":{\"@id\":\"https:\/\/www.laserwelder.tech\/product\/smallest-fiber-laser-cutting-machine-for-brass-gold-silver\/#primaryimage\"},\"thumbnailUrl\":\"https:\/\/www.laserwelder.tech\/wp-content\/uploads\/2024\/11\/mini-fiber-laser-cutter.jpg\",\"datePublished\":\"2024-11-25T08:08:24+00:00\",\"dateModified\":\"2024-11-27T03:21:19+00:00\",\"breadcrumb\":{\"@id\":\"https:\/\/www.laserwelder.tech\/product\/smallest-fiber-laser-cutting-machine-for-brass-gold-silver\/#breadcrumb\"},\"inLanguage\":\"fr-FR\",\"potentialAction\":[{\"@type\":\"ReadAction\",\"target\":[\"https:\/\/www.laserwelder.tech\/product\/smallest-fiber-laser-cutting-machine-for-brass-gold-silver\/\"]}]},{\"@type\":\"ImageObject\",\"inLanguage\":\"fr-FR\",\"@id\":\"https:\/\/www.laserwelder.tech\/product\/smallest-fiber-laser-cutting-machine-for-brass-gold-silver\/#primaryimage\",\"url\":\"https:\/\/www.laserwelder.tech\/wp-content\/uploads\/2024\/11\/mini-fiber-laser-cutter.jpg\",\"contentUrl\":\"https:\/\/www.laserwelder.tech\/wp-content\/uploads\/2024\/11\/mini-fiber-laser-cutter.jpg\",\"width\":600,\"height\":600},{\"@type\":\"BreadcrumbList\",\"@id\":\"https:\/\/www.laserwelder.tech\/product\/smallest-fiber-laser-cutting-machine-for-brass-gold-silver\/#breadcrumb\",\"itemListElement\":[{\"@type\":\"ListItem\",\"position\":1,\"name\":\"\u9996\u9875\",\"item\":\"https:\/\/www.laserwelder.tech\/\"},{\"@type\":\"ListItem\",\"position\":2,\"name\":\"Products\",\"item\":\"https:\/\/www.laserwelder.tech\/products\/\"},{\"@type\":\"ListItem\",\"position\":3,\"name\":\"Smallest Fiber Laser Cutting Machine For Brass, Gold, Silver\"}]},{\"@type\":\"WebSite\",\"@id\":\"https:\/\/www.laserwelder.tech\/#website\",\"url\":\"https:\/\/www.laserwelder.tech\/\",\"name\":\"BOGONG LASER\u00ae\",\"description\":\"BOGONG\u00ae is a Professional China CNC laser machine manufacturer for fiber Laser cutting Machine, Laser Engraving Machine, Laser Cleaner, Laser Welder, CO2 laser Cutter and other CNC laser machines.\",\"potentialAction\":[{\"@type\":\"SearchAction\",\"target\":{\"@type\":\"EntryPoint\",\"urlTemplate\":\"https:\/\/www.laserwelder.tech\/?s={search_term_string}\"},\"query-input\":{\"@type\":\"PropertyValueSpecification\",\"valueRequired\":true,\"valueName\":\"search_term_string\"}}],\"inLanguage\":\"fr-FR\"}]}<\/script>\n<!-- \/ Yoast SEO plugin. -->","yoast_head_json":{"title":"Smallest Fiber Laser Cutting Machine For Brass, Gold, Silver - BOGONG LASER\u00ae","robots":{"index":"noindex","follow":"follow","max-snippet":"max-snippet:-1","max-image-preview":"max-image-preview:large","max-video-preview":"max-video-preview:-1"},"og_locale":"fr_FR","og_type":"article","og_title":"Smallest Fiber Laser Cutting Machine For Brass, Gold, Silver - BOGONG LASER\u00ae","og_description":"Smallest Fiber Laser Cutting Machine BOGONG 3030 Fiber Laser cutting Machine is ...","og_url":"https:\/\/www.laserwelder.tech\/fr\/produit\/smallest-fiber-laser-cutting-machine-for-brass-gold-silver\/","og_site_name":"BOGONG LASER\u00ae","article_modified_time":"2024-11-27T03:21:19+00:00","og_image":[{"width":600,"height":600,"url":"https:\/\/www.laserwelder.tech\/wp-content\/uploads\/2024\/11\/mini-fiber-laser-cutter.jpg","type":"image\/jpeg"}],"twitter_card":"summary_large_image","twitter_misc":{"Dur\u00e9e de lecture estim\u00e9e":"5 minutes"},"schema":{"@context":"https:\/\/schema.org","@graph":[{"@type":"WebPage","@id":"https:\/\/www.laserwelder.tech\/product\/smallest-fiber-laser-cutting-machine-for-brass-gold-silver\/","url":"https:\/\/www.laserwelder.tech\/product\/smallest-fiber-laser-cutting-machine-for-brass-gold-silver\/","name":"Smallest Fiber Laser Cutting Machine For Brass, Gold, Silver - BOGONG LASER\u00ae","isPartOf":{"@id":"https:\/\/www.laserwelder.tech\/#website"},"primaryImageOfPage":{"@id":"https:\/\/www.laserwelder.tech\/product\/smallest-fiber-laser-cutting-machine-for-brass-gold-silver\/#primaryimage"},"image":{"@id":"https:\/\/www.laserwelder.tech\/product\/smallest-fiber-laser-cutting-machine-for-brass-gold-silver\/#primaryimage"},"thumbnailUrl":"https:\/\/www.laserwelder.tech\/wp-content\/uploads\/2024\/11\/mini-fiber-laser-cutter.jpg","datePublished":"2024-11-25T08:08:24+00:00","dateModified":"2024-11-27T03:21:19+00:00","breadcrumb":{"@id":"https:\/\/www.laserwelder.tech\/product\/smallest-fiber-laser-cutting-machine-for-brass-gold-silver\/#breadcrumb"},"inLanguage":"fr-FR","potentialAction":[{"@type":"ReadAction","target":["https:\/\/www.laserwelder.tech\/product\/smallest-fiber-laser-cutting-machine-for-brass-gold-silver\/"]}]},{"@type":"ImageObject","inLanguage":"fr-FR","@id":"https:\/\/www.laserwelder.tech\/product\/smallest-fiber-laser-cutting-machine-for-brass-gold-silver\/#primaryimage","url":"https:\/\/www.laserwelder.tech\/wp-content\/uploads\/2024\/11\/mini-fiber-laser-cutter.jpg","contentUrl":"https:\/\/www.laserwelder.tech\/wp-content\/uploads\/2024\/11\/mini-fiber-laser-cutter.jpg","width":600,"height":600},{"@type":"BreadcrumbList","@id":"https:\/\/www.laserwelder.tech\/product\/smallest-fiber-laser-cutting-machine-for-brass-gold-silver\/#breadcrumb","itemListElement":[{"@type":"ListItem","position":1,"name":"\u9996\u9875","item":"https:\/\/www.laserwelder.tech\/"},{"@type":"ListItem","position":2,"name":"Products","item":"https:\/\/www.laserwelder.tech\/products\/"},{"@type":"ListItem","position":3,"name":"Smallest Fiber Laser Cutting Machine For Brass, Gold, Silver"}]},{"@type":"WebSite","@id":"https:\/\/www.laserwelder.tech\/#website","url":"https:\/\/www.laserwelder.tech\/","name":"BOGONG LASER\u00ae","description":"BOGONG\u00ae is a Professional China CNC laser machine manufacturer for fiber Laser cutting Machine, Laser Engraving Machine, Laser Cleaner, Laser Welder, CO2 laser Cutter and other CNC laser machines.","potentialAction":[{"@type":"SearchAction","target":{"@type":"EntryPoint","urlTemplate":"https:\/\/www.laserwelder.tech\/?s={search_term_string}"},"query-input":{"@type":"PropertyValueSpecification","valueRequired":true,"valueName":"search_term_string"}}],"inLanguage":"fr-FR"}]}},"_links":{"self":[{"href":"https:\/\/www.laserwelder.tech\/fr\/wp-json\/wp\/v2\/product\/1981","targetHints":{"allow":["GET"]}}],"collection":[{"href":"https:\/\/www.laserwelder.tech\/fr\/wp-json\/wp\/v2\/product"}],"about":[{"href":"https:\/\/www.laserwelder.tech\/fr\/wp-json\/wp\/v2\/types\/product"}],"wp:featuredmedia":[{"embeddable":true,"href":"https:\/\/www.laserwelder.tech\/fr\/wp-json\/wp\/v2\/media\/1983"}],"wp:attachment":[{"href":"https:\/\/www.laserwelder.tech\/fr\/wp-json\/wp\/v2\/media?parent=1981"}],"wp:term":[{"taxonomy":"product_brand","embeddable":true,"href":"https:\/\/www.laserwelder.tech\/fr\/wp-json\/wp\/v2\/product_brand?post=1981"},{"taxonomy":"product_cat","embeddable":true,"href":"https:\/\/www.laserwelder.tech\/fr\/wp-json\/wp\/v2\/product_cat?post=1981"},{"taxonomy":"product_tag","embeddable":true,"href":"https:\/\/www.laserwelder.tech\/fr\/wp-json\/wp\/v2\/product_tag?post=1981"}],"curies":[{"name":"wp","href":"https:\/\/api.w.org\/{rel}","templated":true}]}}