{"id":1828,"date":"2024-11-14T15:48:52","date_gmt":"2024-11-14T07:48:52","guid":{"rendered":"https:\/\/bogonglaser.com\/?post_type=product&#038;p=1828"},"modified":"2025-01-20T20:48:15","modified_gmt":"2025-01-20T12:48:15","slug":"best-handheld-laser-welder","status":"publish","type":"product","link":"https:\/\/www.laserwelder.tech\/pt\/produto\/best-handheld-laser-welder\/","title":{"rendered":"Melhor m\u00e1quina de solda a laser port\u00e1til"},"content":{"rendered":"<div class=\"wpb-content-wrapper\"><div class=\"vc_row wpb_row vc_row-fluid\"><div class=\"wpb_column vc_column_container vc_col-sm-12\"><div class=\"vc_column-inner\"><div class=\"wpb_wrapper\">\n\t<div class=\"wpb_text_column wpb_content_element\" >\n\t\t<div class=\"wpb_wrapper\">\n\t\t\t<p>A BOGONG fornece as melhores m\u00e1quinas de solda a laser port\u00e1teis de m\u00e3o<\/p>\n<p>Projetados para facilitar o uso, esses soldadores a laser port\u00e1teis s\u00e3o manobr\u00e1veis e operados com uma pistola de soldagem port\u00e1til, o que os torna ideais para conex\u00f5es de juntas met\u00e1licas em ambientes internos e externos.<\/p>\n<p>Essas m\u00e1quinas oferecem a vantagem da soldagem sem contato para componentes complexos. O soldador manual com feixe de laser pode efetivamente separar o espectro por tempo e energia, permitindo v\u00e1rias soldas simult\u00e2neas. Em compara\u00e7\u00e3o com os m\u00e9todos tradicionais de soldagem MIG, TIG e el\u00e9trica, essa tecnologia oferece maior precis\u00e3o no processo de soldagem.<\/p>\n\n\t\t<\/div>\n\t<\/div>\n<\/div><\/div><\/div><\/div><div class=\"vc_row wpb_row vc_row-fluid\"><div class=\"wpb_column vc_column_container vc_col-sm-12\"><div class=\"vc_column-inner\"><div class=\"wpb_wrapper\">\n\t<div  class=\"wpb_single_image wpb_content_element vc_align_left wpb_content_element\">\n\t\t\n\t\t<figure class=\"wpb_wrapper vc_figure\">\n\t\t\t<div class=\"vc_single_image-wrapper   vc_box_border_grey\"><img decoding=\"async\" width=\"600\" height=\"600\" src=\"data:image\/svg+xml,%3Csvg%20xmlns%3D&#39;http%3A%2F%2Fwww.w3.org%2F2000%2Fsvg&#39;%20width=&#39;600&#39;%20height=&#39;600&#39;%20viewBox%3D&#39;0%200%20600%20600&#39;%2F%3E\" data-czlz data-src=\"https:\/\/www.laserwelder.tech\/wp-content\/uploads\/2024\/11\/laser-welder-handheld-1.jpg\" class=\"vc_single_image-img attachment-full\" alt=\"\" title=\"soldador a laser port\u00e1til\" data-srcset=\"https:\/\/www.laserwelder.tech\/wp-content\/uploads\/2024\/11\/laser-welder-handheld-1.jpg 600w, https:\/\/www.laserwelder.tech\/wp-content\/uploads\/2024\/11\/laser-welder-handheld-1-300x300.jpg 300w, https:\/\/www.laserwelder.tech\/wp-content\/uploads\/2024\/11\/laser-welder-handheld-1-150x150.jpg 150w, https:\/\/www.laserwelder.tech\/wp-content\/uploads\/2024\/11\/laser-welder-handheld-1-100x100.jpg 100w\" data-sizes=\"(max-width: 600px) 100vw, 600px\" \/><\/div>\n\t\t<\/figure>\n\t<\/div>\n<\/div><\/div><\/div><\/div><div class=\"vc_row wpb_row vc_row-fluid\"><div class=\"wpb_column vc_column_container vc_col-sm-12\"><div class=\"vc_column-inner\"><div class=\"wpb_wrapper\">\n\t<div class=\"wpb_text_column wpb_content_element\" >\n\t\t<div class=\"wpb_wrapper\">\n\t\t\t<h2>Vantagens da m\u00e1quina de solda a laser port\u00e1til:<\/h2>\n<p>Oferece v\u00e1rias op\u00e7\u00f5es de pot\u00eancia de laser (1500W, 2000W, 3000W) para diferentes profundidades de penetra\u00e7\u00e3o.<\/p>\n<p>Port\u00e1til e f\u00e1cil de operar, o que o torna ideal para projetos de soldagem em ambientes internos e externos.<\/p>\n<p>Velocidades de soldagem r\u00e1pidas - de 2 a 10 vezes mais r\u00e1pidas do que as dos soldadores MMA, TIG e MIG tradicionais.<\/p>\n<p>Produz costuras soldadas retas e uniformes que s\u00e3o lisas e limpas, com penetra\u00e7\u00e3o profunda e conicidade m\u00ednima, eliminando a necessidade de polimento e economizando tempo e custos.<\/p>\n<p>Cria juntas met\u00e1licas fortes sem deforma\u00e7\u00e3o e reduz a forma\u00e7\u00e3o de cicatrizes.<\/p>\n<p>Menor consumo de materiais e energia, contribuindo para uma vida \u00fatil mais longa.<\/p>\n<p>F\u00e1cil de usar e seguro, com opera\u00e7\u00e3o ecologicamente correta.<\/p>\n\n\t\t<\/div>\n\t<\/div>\n<\/div><\/div><\/div><\/div><div class=\"vc_row wpb_row vc_row-fluid\"><div class=\"wpb_column vc_column_container vc_col-sm-12\"><div class=\"vc_column-inner\"><div class=\"wpb_wrapper\">\n\t<div  class=\"wpb_single_image wpb_content_element vc_align_left wpb_content_element\">\n\t\t\n\t\t<figure class=\"wpb_wrapper vc_figure\">\n\t\t\t<div class=\"vc_single_image-wrapper   vc_box_border_grey\"><img decoding=\"async\" width=\"600\" height=\"600\" src=\"data:image\/svg+xml,%3Csvg%20xmlns%3D&#39;http%3A%2F%2Fwww.w3.org%2F2000%2Fsvg&#39;%20width=&#39;600&#39;%20height=&#39;600&#39;%20viewBox%3D&#39;0%200%20600%20600&#39;%2F%3E\" data-czlz data-src=\"https:\/\/www.laserwelder.tech\/wp-content\/uploads\/2024\/11\/fiber-laser-welder-1.jpg\" class=\"vc_single_image-img attachment-full\" alt=\"\" title=\"soldador a laser de fibra\" data-srcset=\"https:\/\/www.laserwelder.tech\/wp-content\/uploads\/2024\/11\/fiber-laser-welder-1.jpg 600w, https:\/\/www.laserwelder.tech\/wp-content\/uploads\/2024\/11\/fiber-laser-welder-1-300x300.jpg 300w, https:\/\/www.laserwelder.tech\/wp-content\/uploads\/2024\/11\/fiber-laser-welder-1-150x150.jpg 150w, https:\/\/www.laserwelder.tech\/wp-content\/uploads\/2024\/11\/fiber-laser-welder-1-100x100.jpg 100w\" data-sizes=\"(max-width: 600px) 100vw, 600px\" \/><\/div>\n\t\t<\/figure>\n\t<\/div>\n<\/div><\/div><\/div><\/div><div class=\"vc_row wpb_row vc_row-fluid\"><div class=\"wpb_column vc_column_container vc_col-sm-12\"><div class=\"vc_column-inner\"><div class=\"wpb_wrapper\">\n\t<div class=\"wpb_text_column wpb_content_element\" >\n\t\t<div class=\"wpb_wrapper\">\n\t\t\t<h2>Caracter\u00edsticas da m\u00e1quina de solda a laser de fibra port\u00e1til<\/h2>\n<p>Oferece alta densidade de energia do laser com uma \u00e1rea m\u00ednima de efeito t\u00e9rmico, reduzindo o risco de deforma\u00e7\u00e3o e eliminando a necessidade de processamento subsequente extenso.<\/p>\n<p>Gabinete de controle compacto tudo-em-um que inclui o gerador de laser, a fonte de alimenta\u00e7\u00e3o, o resfriador de \u00e1gua industrial e o controlador - potente e f\u00e1cil de mover.<\/p>\n<p>Oferece suporte a v\u00e1rias t\u00e9cnicas de soldagem, incluindo soldagem por pontos, pontos, pregos, topo, sobreposi\u00e7\u00e3o, emenda, borda, pilha, crimpagem e tee.<\/p>\n<p>Os recursos avan\u00e7ados de detec\u00e7\u00e3o e prote\u00e7\u00e3o garantem uma opera\u00e7\u00e3o est\u00e1vel a longo prazo, minimizando poss\u00edveis perdas e riscos \u00e0 seguran\u00e7a.<\/p>\n<p>A opera\u00e7\u00e3o sem contato \u00e9 livre de estresse, silenciosa e ecologicamente correta, alinhando-se aos padr\u00f5es de processamento ecol\u00f3gico.<\/p>\n<p>Produz soldas de alta qualidade com um acabamento suave e limpo.<\/p>\n<p>Os recursos de comunica\u00e7\u00e3o permitem o monitoramento em tempo real de todos os dados do laser.<\/p>\n<p>Equipado com uma fibra especializada para soldar pequenos pontos de solda.<\/p>\n<p>O feixe de laser de fibra de alta qualidade garante alta efici\u00eancia de convers\u00e3o, resultando em velocidade de processamento r\u00e1pida, alta propor\u00e7\u00e3o e soldas fortes.<\/p>\n<p>Um sistema espectral avan\u00e7ado reduz a perda de energia, garantindo energia laser uniforme em todas as fibras.<\/p>\n<p>Use a transmiss\u00e3o de fibra \u00f3ptica para soldagem remota e pode se integrar facilmente a bancadas de trabalho autom\u00e1ticas, manipuladores e linhas de montagem, resultando em pontos de luz mais uniformes e juntas de solda esteticamente agrad\u00e1veis.<\/p>\n<p>V\u00e1rios sinais de entrada e sa\u00edda facilitam a produ\u00e7\u00e3o automatizada e a integra\u00e7\u00e3o da linha de montagem.<\/p>\n<p>As juntas de solda ecologicamente corretas apresentam resist\u00eancia e dureza compar\u00e1veis ou superiores \u00e0s do metal de base.<\/p>\n<p>Interface de tela sens\u00edvel ao toque amig\u00e1vel para configura\u00e7\u00e3o e opera\u00e7\u00e3o simples, com um sistema operacional intuitivo que \u00e9 f\u00e1cil de aprender.<\/p>\n<p>Uma variedade de bicos angulares e especifica\u00e7\u00f5es para bicos de alimenta\u00e7\u00e3o de arame est\u00e1 dispon\u00edvel para acomodar diferentes requisitos de projetos de soldagem.<\/p>\n\n\t\t<\/div>\n\t<\/div>\n<\/div><\/div><\/div><\/div><div class=\"vc_row wpb_row vc_row-fluid\"><div class=\"wpb_column vc_column_container vc_col-sm-12\"><div class=\"vc_column-inner\"><div class=\"wpb_wrapper\">\n\t<div  class=\"wpb_single_image wpb_content_element vc_align_left wpb_content_element\">\n\t\t\n\t\t<figure class=\"wpb_wrapper vc_figure\">\n\t\t\t<div class=\"vc_single_image-wrapper   vc_box_border_grey\"><img decoding=\"async\" width=\"600\" height=\"600\" src=\"data:image\/svg+xml,%3Csvg%20xmlns%3D&#39;http%3A%2F%2Fwww.w3.org%2F2000%2Fsvg&#39;%20width=&#39;600&#39;%20height=&#39;600&#39;%20viewBox%3D&#39;0%200%20600%20600&#39;%2F%3E\" data-czlz data-src=\"https:\/\/www.laserwelder.tech\/wp-content\/uploads\/2024\/11\/laser-welder-machines.jpg\" class=\"vc_single_image-img attachment-full\" alt=\"\" title=\"m\u00e1quinas de solda a laser\" data-srcset=\"https:\/\/www.laserwelder.tech\/wp-content\/uploads\/2024\/11\/laser-welder-machines.jpg 600w, https:\/\/www.laserwelder.tech\/wp-content\/uploads\/2024\/11\/laser-welder-machines-300x300.jpg 300w, https:\/\/www.laserwelder.tech\/wp-content\/uploads\/2024\/11\/laser-welder-machines-150x150.jpg 150w, https:\/\/www.laserwelder.tech\/wp-content\/uploads\/2024\/11\/laser-welder-machines-100x100.jpg 100w\" data-sizes=\"(max-width: 600px) 100vw, 600px\" \/><\/div>\n\t\t<\/figure>\n\t<\/div>\n<\/div><\/div><\/div><\/div><div class=\"vc_row wpb_row vc_row-fluid\"><div class=\"wpb_column vc_column_container vc_col-sm-12\"><div class=\"vc_column-inner\"><div class=\"wpb_wrapper\">\n\t<div class=\"wpb_text_column wpb_content_element\" >\n\t\t<div class=\"wpb_wrapper\">\n\t\t\t<h3>O que \u00e9 uma pistola de soldagem a laser port\u00e1til?<\/h3>\n<p>Uma pistola de soldagem a laser port\u00e1til \u00e9 uma solu\u00e7\u00e3o de soldagem port\u00e1til que combina um gerador de laser, um controlador, um sistema de resfriamento e um alimentador autom\u00e1tico de arame, tudo em um \u00fanico dispositivo. Essa ferramenta vers\u00e1til \u00e9 capaz de realizar v\u00e1rias t\u00e9cnicas de soldagem, como ponto, prego, topo, sobreposi\u00e7\u00e3o, borda, crimpagem e soldagem em T, o que a torna perfeita para diferentes tipos de juntas met\u00e1licas. Sua flexibilidade e seu design f\u00e1cil de usar permitem a soldagem a longa dist\u00e2ncia e ao ar livre, permitindo que os operadores trabalhem facilmente em pe\u00e7as sold\u00e1veis de qualquer \u00e2ngulo ou posi\u00e7\u00e3o - ideal para lidar com juntas met\u00e1licas complexas.<\/p>\n<p>A pistola de soldagem \u00e9 constru\u00edda com um corpo de pistola, uma c\u00e2mara de resfriamento e uma c\u00e2mara de g\u00e1s de prote\u00e7\u00e3o. Seu design compacto e simples facilita a opera\u00e7\u00e3o e o transporte. Voc\u00ea pode conect\u00e1-la facilmente a um meio de resfriamento e a uma fonte de g\u00e1s de prote\u00e7\u00e3o, o que ajuda a resfriar a pistola a laser e cria uma atmosfera de g\u00e1s de prote\u00e7\u00e3o ao redor da \u00e1rea de trabalho, garantindo uma qualidade de solda consistente.<\/p>\n<p>A BOGONG oferece v\u00e1rias marcas de cabe\u00e7otes de laser para voc\u00ea escolher; confira o v\u00eddeo abaixo para obter mais informa\u00e7\u00f5es.<\/p>\n\n\t\t<\/div>\n\t<\/div>\n<\/div><\/div><\/div><\/div><div class=\"vc_row wpb_row vc_row-fluid\"><div class=\"wpb_column vc_column_container vc_col-sm-12\"><div class=\"vc_column-inner\"><div class=\"wpb_wrapper\">\n\t<div class=\"wpb_video_widget wpb_content_element vc_clearfix   vc_video-aspect-ratio-169 vc_video-el-width-100 vc_video-align-left\" >\n\t\t<div class=\"wpb_wrapper\">\n\t\t\t\n\t\t\t<div class=\"wpb_video_wrapper\"><iframe title=\"V\u00e1rias marcas de cabe\u00e7ote de soldagem a laser de fibra port\u00e1til mostram qual cabe\u00e7ote de soldagem a laser \u00e9 bom?\" width=\"500\" height=\"281\" src=\"https:\/\/www.youtube.com\/embed\/NSdcJZEIYs8?feature=oembed\" frameborder=\"0\" allow=\"accelerometer; autoplay; clipboard-write; encrypted-media; gyroscope; picture-in-picture; web-share\" referrerpolicy=\"strict-origin-when-cross-origin\" allowfullscreen><\/iframe><\/div>\n\t\t<\/div>\n\t<\/div>\n<\/div><\/div><\/div><\/div><div class=\"vc_row wpb_row vc_row-fluid\"><div class=\"wpb_column vc_column_container vc_col-sm-12\"><div class=\"vc_column-inner\"><div class=\"wpb_wrapper\">\n\t<div class=\"wpb_text_column wpb_content_element\" >\n\t\t<div class=\"wpb_wrapper\">\n\t\t\t<p><strong>Embalagem da m\u00e1quina de solda a laser<\/strong><\/p>\n\n\t\t<\/div>\n\t<\/div>\n\n\t<div  class=\"wpb_single_image wpb_content_element vc_align_left wpb_content_element\">\n\t\t\n\t\t<figure class=\"wpb_wrapper vc_figure\">\n\t\t\t<div class=\"vc_single_image-wrapper   vc_box_border_grey\"><img decoding=\"async\" width=\"600\" height=\"308\" src=\"data:image\/svg+xml,%3Csvg%20xmlns%3D&#39;http%3A%2F%2Fwww.w3.org%2F2000%2Fsvg&#39;%20width=&#39;600&#39;%20height=&#39;308&#39;%20viewBox%3D&#39;0%200%20600%20308&#39;%2F%3E\" data-czlz data-src=\"https:\/\/www.laserwelder.tech\/wp-content\/uploads\/2024\/11\/handheld-laser-welder-machine.jpg\" class=\"vc_single_image-img attachment-full\" alt=\"\" title=\"M\u00e1quina de solda a laser port\u00e1til\" data-srcset=\"https:\/\/www.laserwelder.tech\/wp-content\/uploads\/2024\/11\/handheld-laser-welder-machine.jpg 600w, https:\/\/www.laserwelder.tech\/wp-content\/uploads\/2024\/11\/handheld-laser-welder-machine-300x154.jpg 300w\" data-sizes=\"(max-width: 600px) 100vw, 600px\" \/><\/div>\n\t\t<\/figure>\n\t<\/div>\n<\/div><\/div><\/div><\/div><div class=\"vc_row wpb_row vc_row-fluid\"><div class=\"wpb_column vc_column_container vc_col-sm-12\"><div class=\"vc_column-inner\"><div class=\"wpb_wrapper\">\n\t<div class=\"wpb_text_column wpb_content_element\" >\n\t\t<div class=\"wpb_wrapper\">\n\t\t\t<p>**Por que escolher o BOGONG LASER?<\/p>\n<p>A BOGONG \u00e9 famosa por sua qualidade de equipamentos a laser e servi\u00e7os de p\u00f3s-venda. Nossas m\u00e1quinas s\u00e3o vers\u00e1teis e f\u00e1ceis de usar, projetadas com todos os n\u00edveis de habilidade em mente. Acima de tudo, priorizamos a satisfa\u00e7\u00e3o do cliente. N\u00e3o importa se voc\u00ea \u00e9 um especialista experiente ou um iniciante, a BOGONG LASER est\u00e1 aqui para ajud\u00e1-lo em cada etapa do processo. Confie em n\u00f3s e em nosso servi\u00e7o, onde a excel\u00eancia e a inova\u00e7\u00e3o se unem para o seu sucesso.<\/p>\n\n\t\t<\/div>\n\t<\/div>\n<\/div><\/div><\/div><\/div>\n<\/div>","protected":false},"excerpt":{"rendered":"<p>Descubra a m\u00e1quina de solda a laser port\u00e1til 2024 para venda<\/p>\n<p>Introducing the &#8230; <\/p>","protected":false},"featured_media":1855,"template":"","meta":[],"product_brand":[],"product_cat":[115],"product_tag":[109,108,107],"class_list":{"0":"post-1828","1":"product","2":"type-product","3":"status-publish","4":"has-post-thumbnail","6":"product_cat-handheld-laser-welder","7":"product_tag-fiber-laser-welder","8":"product_tag-handheld-laser-welder","9":"product_tag-laser-welding-machine","11":"first","12":"instock","13":"shipping-taxable","14":"product-type-simple"},"yoast_head":"<!-- This site is optimized with the Yoast SEO plugin v25.2 - https:\/\/yoast.com\/wordpress\/plugins\/seo\/ -->\n<title>Best Handheld Laser Welder Welding Machine - BOGONG LASER\u00ae<\/title>\n<meta name=\"robots\" content=\"noindex, follow, max-snippet:-1, max-image-preview:large, max-video-preview:-1\" \/>\n<meta property=\"og:locale\" content=\"pt_BR\" \/>\n<meta property=\"og:type\" content=\"article\" \/>\n<meta property=\"og:title\" content=\"Best Handheld Laser Welder Welding Machine - BOGONG LASER\u00ae\" \/>\n<meta property=\"og:description\" content=\"Discover the 2024 Portable Handheld Laser Welding Machine for Sale  Introducing the ...\" \/>\n<meta property=\"og:url\" content=\"https:\/\/www.laserwelder.tech\/pt\/produto\/best-handheld-laser-welder\/\" \/>\n<meta property=\"og:site_name\" content=\"BOGONG LASER\u00ae\" \/>\n<meta property=\"article:modified_time\" content=\"2025-01-20T12:48:15+00:00\" \/>\n<meta property=\"og:image\" content=\"https:\/\/www.laserwelder.tech\/wp-content\/uploads\/2024\/11\/fiber-laser-welder.jpg\" \/>\n\t<meta property=\"og:image:width\" content=\"600\" \/>\n\t<meta property=\"og:image:height\" content=\"600\" \/>\n\t<meta property=\"og:image:type\" content=\"image\/jpeg\" \/>\n<meta name=\"twitter:card\" content=\"summary_large_image\" \/>\n<meta name=\"twitter:label1\" content=\"Est. tempo de leitura\" \/>\n\t<meta name=\"twitter:data1\" content=\"4 minutos\" \/>\n<script type=\"application\/ld+json\" class=\"yoast-schema-graph\">{\"@context\":\"https:\/\/schema.org\",\"@graph\":[{\"@type\":\"WebPage\",\"@id\":\"https:\/\/www.laserwelder.tech\/product\/best-handheld-laser-welder\/\",\"url\":\"https:\/\/www.laserwelder.tech\/product\/best-handheld-laser-welder\/\",\"name\":\"Best Handheld Laser Welder Welding Machine - BOGONG LASER\u00ae\",\"isPartOf\":{\"@id\":\"https:\/\/www.laserwelder.tech\/#website\"},\"primaryImageOfPage\":{\"@id\":\"https:\/\/www.laserwelder.tech\/product\/best-handheld-laser-welder\/#primaryimage\"},\"image\":{\"@id\":\"https:\/\/www.laserwelder.tech\/product\/best-handheld-laser-welder\/#primaryimage\"},\"thumbnailUrl\":\"https:\/\/www.laserwelder.tech\/wp-content\/uploads\/2024\/11\/fiber-laser-welder.jpg\",\"datePublished\":\"2024-11-14T07:48:52+00:00\",\"dateModified\":\"2025-01-20T12:48:15+00:00\",\"breadcrumb\":{\"@id\":\"https:\/\/www.laserwelder.tech\/product\/best-handheld-laser-welder\/#breadcrumb\"},\"inLanguage\":\"pt-BR\",\"potentialAction\":[{\"@type\":\"ReadAction\",\"target\":[\"https:\/\/www.laserwelder.tech\/product\/best-handheld-laser-welder\/\"]}]},{\"@type\":\"ImageObject\",\"inLanguage\":\"pt-BR\",\"@id\":\"https:\/\/www.laserwelder.tech\/product\/best-handheld-laser-welder\/#primaryimage\",\"url\":\"https:\/\/www.laserwelder.tech\/wp-content\/uploads\/2024\/11\/fiber-laser-welder.jpg\",\"contentUrl\":\"https:\/\/www.laserwelder.tech\/wp-content\/uploads\/2024\/11\/fiber-laser-welder.jpg\",\"width\":600,\"height\":600},{\"@type\":\"BreadcrumbList\",\"@id\":\"https:\/\/www.laserwelder.tech\/product\/best-handheld-laser-welder\/#breadcrumb\",\"itemListElement\":[{\"@type\":\"ListItem\",\"position\":1,\"name\":\"\u9996\u9875\",\"item\":\"https:\/\/www.laserwelder.tech\/\"},{\"@type\":\"ListItem\",\"position\":2,\"name\":\"Products\",\"item\":\"https:\/\/www.laserwelder.tech\/products\/\"},{\"@type\":\"ListItem\",\"position\":3,\"name\":\"Best Handheld Laser Welder Welding Machine\"}]},{\"@type\":\"WebSite\",\"@id\":\"https:\/\/www.laserwelder.tech\/#website\",\"url\":\"https:\/\/www.laserwelder.tech\/\",\"name\":\"BOGONG LASER\u00ae\",\"description\":\"BOGONG\u00ae is a Professional China CNC laser machine manufacturer for fiber Laser cutting Machine, Laser Engraving Machine, Laser Cleaner, Laser Welder, CO2 laser Cutter and other CNC laser machines.\",\"potentialAction\":[{\"@type\":\"SearchAction\",\"target\":{\"@type\":\"EntryPoint\",\"urlTemplate\":\"https:\/\/www.laserwelder.tech\/?s={search_term_string}\"},\"query-input\":{\"@type\":\"PropertyValueSpecification\",\"valueRequired\":true,\"valueName\":\"search_term_string\"}}],\"inLanguage\":\"pt-BR\"}]}<\/script>\n<!-- \/ Yoast SEO plugin. -->","yoast_head_json":{"title":"Best Handheld Laser Welder Welding Machine - BOGONG LASER\u00ae","robots":{"index":"noindex","follow":"follow","max-snippet":"max-snippet:-1","max-image-preview":"max-image-preview:large","max-video-preview":"max-video-preview:-1"},"og_locale":"pt_BR","og_type":"article","og_title":"Best Handheld Laser Welder Welding Machine - BOGONG LASER\u00ae","og_description":"Discover the 2024 Portable Handheld Laser Welding Machine for Sale  Introducing the ...","og_url":"https:\/\/www.laserwelder.tech\/pt\/produto\/best-handheld-laser-welder\/","og_site_name":"BOGONG LASER\u00ae","article_modified_time":"2025-01-20T12:48:15+00:00","og_image":[{"width":600,"height":600,"url":"https:\/\/www.laserwelder.tech\/wp-content\/uploads\/2024\/11\/fiber-laser-welder.jpg","type":"image\/jpeg"}],"twitter_card":"summary_large_image","twitter_misc":{"Est. tempo de leitura":"4 minutos"},"schema":{"@context":"https:\/\/schema.org","@graph":[{"@type":"WebPage","@id":"https:\/\/www.laserwelder.tech\/product\/best-handheld-laser-welder\/","url":"https:\/\/www.laserwelder.tech\/product\/best-handheld-laser-welder\/","name":"Best Handheld Laser Welder Welding Machine - BOGONG LASER\u00ae","isPartOf":{"@id":"https:\/\/www.laserwelder.tech\/#website"},"primaryImageOfPage":{"@id":"https:\/\/www.laserwelder.tech\/product\/best-handheld-laser-welder\/#primaryimage"},"image":{"@id":"https:\/\/www.laserwelder.tech\/product\/best-handheld-laser-welder\/#primaryimage"},"thumbnailUrl":"https:\/\/www.laserwelder.tech\/wp-content\/uploads\/2024\/11\/fiber-laser-welder.jpg","datePublished":"2024-11-14T07:48:52+00:00","dateModified":"2025-01-20T12:48:15+00:00","breadcrumb":{"@id":"https:\/\/www.laserwelder.tech\/product\/best-handheld-laser-welder\/#breadcrumb"},"inLanguage":"pt-BR","potentialAction":[{"@type":"ReadAction","target":["https:\/\/www.laserwelder.tech\/product\/best-handheld-laser-welder\/"]}]},{"@type":"ImageObject","inLanguage":"pt-BR","@id":"https:\/\/www.laserwelder.tech\/product\/best-handheld-laser-welder\/#primaryimage","url":"https:\/\/www.laserwelder.tech\/wp-content\/uploads\/2024\/11\/fiber-laser-welder.jpg","contentUrl":"https:\/\/www.laserwelder.tech\/wp-content\/uploads\/2024\/11\/fiber-laser-welder.jpg","width":600,"height":600},{"@type":"BreadcrumbList","@id":"https:\/\/www.laserwelder.tech\/product\/best-handheld-laser-welder\/#breadcrumb","itemListElement":[{"@type":"ListItem","position":1,"name":"\u9996\u9875","item":"https:\/\/www.laserwelder.tech\/"},{"@type":"ListItem","position":2,"name":"Products","item":"https:\/\/www.laserwelder.tech\/products\/"},{"@type":"ListItem","position":3,"name":"Best Handheld Laser Welder Welding Machine"}]},{"@type":"WebSite","@id":"https:\/\/www.laserwelder.tech\/#website","url":"https:\/\/www.laserwelder.tech\/","name":"BOGONG LASER\u00ae","description":"BOGONG\u00ae is a Professional China CNC laser machine manufacturer for fiber Laser cutting Machine, Laser Engraving Machine, Laser Cleaner, Laser Welder, CO2 laser Cutter and other CNC laser machines.","potentialAction":[{"@type":"SearchAction","target":{"@type":"EntryPoint","urlTemplate":"https:\/\/www.laserwelder.tech\/?s={search_term_string}"},"query-input":{"@type":"PropertyValueSpecification","valueRequired":true,"valueName":"search_term_string"}}],"inLanguage":"pt-BR"}]}},"_links":{"self":[{"href":"https:\/\/www.laserwelder.tech\/pt\/wp-json\/wp\/v2\/product\/1828","targetHints":{"allow":["GET"]}}],"collection":[{"href":"https:\/\/www.laserwelder.tech\/pt\/wp-json\/wp\/v2\/product"}],"about":[{"href":"https:\/\/www.laserwelder.tech\/pt\/wp-json\/wp\/v2\/types\/product"}],"wp:featuredmedia":[{"embeddable":true,"href":"https:\/\/www.laserwelder.tech\/pt\/wp-json\/wp\/v2\/media\/1855"}],"wp:attachment":[{"href":"https:\/\/www.laserwelder.tech\/pt\/wp-json\/wp\/v2\/media?parent=1828"}],"wp:term":[{"taxonomy":"product_brand","embeddable":true,"href":"https:\/\/www.laserwelder.tech\/pt\/wp-json\/wp\/v2\/product_brand?post=1828"},{"taxonomy":"product_cat","embeddable":true,"href":"https:\/\/www.laserwelder.tech\/pt\/wp-json\/wp\/v2\/product_cat?post=1828"},{"taxonomy":"product_tag","embeddable":true,"href":"https:\/\/www.laserwelder.tech\/pt\/wp-json\/wp\/v2\/product_tag?post=1828"}],"curies":[{"name":"wp","href":"https:\/\/api.w.org\/{rel}","templated":true}]}}